{"id":72,"date":"2025-12-15T19:52:40","date_gmt":"2025-12-15T19:52:40","guid":{"rendered":"https:\/\/krakowskaelektrokardiologia.pl\/?page_id=72"},"modified":"2026-02-13T14:08:20","modified_gmt":"2026-02-13T14:08:20","slug":"rada-naukowa","status":"publish","type":"page","link":"https:\/\/krakowskaelektrokardiologia.pl\/index.php\/rada-naukowa\/","title":{"rendered":"Rada Naukowa"},"content":{"rendered":"\t\t<div data-elementor-type=\"wp-page\" data-elementor-id=\"72\" class=\"elementor elementor-72\">\n\t\t\t\t<div class=\"elementor-element elementor-element-1195db6 e-con-full e-flex e-con e-parent\" data-id=\"1195db6\" data-element_type=\"container\" data-e-type=\"container\" data-settings=\"{&quot;background_background&quot;:&quot;classic&quot;}\">\n\t\t\t\t<div class=\"elementor-element elementor-element-c49ae78 elementor-widget__width-initial e-transform elementor-invisible elementor-widget elementor-widget-text-editor\" data-id=\"c49ae78\" data-element_type=\"widget\" data-e-type=\"widget\" data-settings=\"{&quot;_animation&quot;:&quot;fadeIn&quot;,&quot;_transform_scale_effect_hover&quot;:{&quot;unit&quot;:&quot;px&quot;,&quot;size&quot;:1.1,&quot;sizes&quot;:[]},&quot;_transform_scale_effect_hover_tablet&quot;:{&quot;unit&quot;:&quot;px&quot;,&quot;size&quot;:&quot;&quot;,&quot;sizes&quot;:[]},&quot;_transform_scale_effect_hover_mobile&quot;:{&quot;unit&quot;:&quot;px&quot;,&quot;size&quot;:&quot;&quot;,&quot;sizes&quot;:[]}}\" data-widget_type=\"text-editor.default\">\n\t\t\t\t\t\t\t\t\t<p style=\"text-align: center;\"><a href=\"https:\/\/krakowskaelektrokardiologia.pl\/index.php\/kontakt\/\"><span style=\"color: #ffffff;\">Kontakt<\/span><\/a><\/p>\t\t\t\t\t\t\t\t<\/div>\n\t\t\t\t<div class=\"elementor-element elementor-element-2fb985f elementor-widget__width-initial e-transform elementor-invisible elementor-widget elementor-widget-text-editor\" data-id=\"2fb985f\" data-element_type=\"widget\" data-e-type=\"widget\" data-settings=\"{&quot;_animation&quot;:&quot;fadeIn&quot;,&quot;_transform_scale_effect_hover&quot;:{&quot;unit&quot;:&quot;px&quot;,&quot;size&quot;:1.1,&quot;sizes&quot;:[]},&quot;_transform_scale_effect_hover_tablet&quot;:{&quot;unit&quot;:&quot;px&quot;,&quot;size&quot;:&quot;&quot;,&quot;sizes&quot;:[]},&quot;_transform_scale_effect_hover_mobile&quot;:{&quot;unit&quot;:&quot;px&quot;,&quot;size&quot;:&quot;&quot;,&quot;sizes&quot;:[]}}\" data-widget_type=\"text-editor.default\">\n\t\t\t\t\t\t\t\t\t<p style=\"text-align: center;\"><a href=\"https:\/\/krakowskaelektrokardiologia.pl\/index.php\/platforma_edukacyjna\"><span style=\"color: #ffffff;\">Platforma Edukacyjna<\/span><\/a><\/p>\t\t\t\t\t\t\t\t<\/div>\n\t\t\t\t<div class=\"elementor-element elementor-element-ed7dea0 elementor-widget__width-initial e-transform elementor-invisible elementor-widget elementor-widget-text-editor\" data-id=\"ed7dea0\" data-element_type=\"widget\" data-e-type=\"widget\" data-settings=\"{&quot;_animation&quot;:&quot;fadeIn&quot;,&quot;_transform_scale_effect_hover&quot;:{&quot;unit&quot;:&quot;px&quot;,&quot;size&quot;:1.1,&quot;sizes&quot;:[]},&quot;_transform_scale_effect_hover_tablet&quot;:{&quot;unit&quot;:&quot;px&quot;,&quot;size&quot;:&quot;&quot;,&quot;sizes&quot;:[]},&quot;_transform_scale_effect_hover_mobile&quot;:{&quot;unit&quot;:&quot;px&quot;,&quot;size&quot;:&quot;&quot;,&quot;sizes&quot;:[]}}\" data-widget_type=\"text-editor.default\">\n\t\t\t\t\t\t\t\t\t<p style=\"text-align: center;\"><a href=\"https:\/\/krakowskaelektrokardiologia.pl\/index.php\/patroni\/\"><span style=\"color: #ffffff;\">Patroni<\/span><\/a><\/p>\t\t\t\t\t\t\t\t<\/div>\n\t\t\t\t<div class=\"elementor-element elementor-element-068ff58 elementor-widget__width-initial e-transform elementor-invisible elementor-widget elementor-widget-text-editor\" data-id=\"068ff58\" data-element_type=\"widget\" data-e-type=\"widget\" data-settings=\"{&quot;_animation&quot;:&quot;fadeIn&quot;,&quot;_transform_scale_effect_hover&quot;:{&quot;unit&quot;:&quot;px&quot;,&quot;size&quot;:1.1,&quot;sizes&quot;:[]},&quot;_transform_scale_effect_hover_tablet&quot;:{&quot;unit&quot;:&quot;px&quot;,&quot;size&quot;:&quot;&quot;,&quot;sizes&quot;:[]},&quot;_transform_scale_effect_hover_mobile&quot;:{&quot;unit&quot;:&quot;px&quot;,&quot;size&quot;:&quot;&quot;,&quot;sizes&quot;:[]}}\" data-widget_type=\"text-editor.default\">\n\t\t\t\t\t\t\t\t\t<p style=\"text-align: center;\"><a href=\"https:\/\/krakowskaelektrokardiologia.pl\/index.php\/sponsorzy\/\"><span style=\"color: #ffffff;\">Sponsorzy<\/span><\/a><\/p>\t\t\t\t\t\t\t\t<\/div>\n\t\t\t\t<div class=\"elementor-element elementor-element-79798d2 elementor-widget__width-initial e-transform elementor-invisible elementor-widget elementor-widget-text-editor\" data-id=\"79798d2\" data-element_type=\"widget\" data-e-type=\"widget\" data-settings=\"{&quot;_animation&quot;:&quot;fadeIn&quot;,&quot;_transform_scale_effect_hover&quot;:{&quot;unit&quot;:&quot;px&quot;,&quot;size&quot;:1.1,&quot;sizes&quot;:[]},&quot;_transform_scale_effect_hover_tablet&quot;:{&quot;unit&quot;:&quot;px&quot;,&quot;size&quot;:&quot;&quot;,&quot;sizes&quot;:[]},&quot;_transform_scale_effect_hover_mobile&quot;:{&quot;unit&quot;:&quot;px&quot;,&quot;size&quot;:&quot;&quot;,&quot;sizes&quot;:[]}}\" data-widget_type=\"text-editor.default\">\n\t\t\t\t\t\t\t\t\t<p style=\"text-align: center;\"><a href=\"https:\/\/krakowskaelektrokardiologia.pl\/index.php\/galeria-2\"><span style=\"color: #ffffff;\">Galeria<\/span><\/a><\/p>\t\t\t\t\t\t\t\t<\/div>\n\t\t\t\t<div class=\"elementor-element elementor-element-2ebc78a elementor-widget__width-initial e-transform elementor-invisible elementor-widget elementor-widget-text-editor\" data-id=\"2ebc78a\" data-element_type=\"widget\" data-e-type=\"widget\" data-settings=\"{&quot;_animation&quot;:&quot;fadeIn&quot;,&quot;_transform_scale_effect_hover&quot;:{&quot;unit&quot;:&quot;px&quot;,&quot;size&quot;:1.1,&quot;sizes&quot;:[]},&quot;_transform_scale_effect_hover_tablet&quot;:{&quot;unit&quot;:&quot;px&quot;,&quot;size&quot;:&quot;&quot;,&quot;sizes&quot;:[]},&quot;_transform_scale_effect_hover_mobile&quot;:{&quot;unit&quot;:&quot;px&quot;,&quot;size&quot;:&quot;&quot;,&quot;sizes&quot;:[]}}\" data-widget_type=\"text-editor.default\">\n\t\t\t\t\t\t\t\t\t<p style=\"text-align: center;\"><a href=\"https:\/\/krakowskaelektrokardiologia.pl\/index.php\/o-konferencji\/\"><span style=\"color: #ffffff;\">O Konferencji<\/span><\/a><\/p>\t\t\t\t\t\t\t\t<\/div>\n\t\t\t\t<div class=\"elementor-element elementor-element-6b1f127 elementor-widget__width-initial e-transform elementor-invisible elementor-widget elementor-widget-text-editor\" data-id=\"6b1f127\" data-element_type=\"widget\" data-e-type=\"widget\" data-settings=\"{&quot;_animation&quot;:&quot;fadeIn&quot;,&quot;_transform_scale_effect_hover&quot;:{&quot;unit&quot;:&quot;px&quot;,&quot;size&quot;:1.1,&quot;sizes&quot;:[]},&quot;_transform_scale_effect_hover_tablet&quot;:{&quot;unit&quot;:&quot;px&quot;,&quot;size&quot;:&quot;&quot;,&quot;sizes&quot;:[]},&quot;_transform_scale_effect_hover_mobile&quot;:{&quot;unit&quot;:&quot;px&quot;,&quot;size&quot;:&quot;&quot;,&quot;sizes&quot;:[]}}\" data-widget_type=\"text-editor.default\">\n\t\t\t\t\t\t\t\t\t<p style=\"text-align: center;\"><a href=\"https:\/\/krakowskaelektrokardiologia.pl\/index.php\/rada-naukowa\/\"><span style=\"color: #ffffff;\">Rada Naukowa<\/span><\/a><\/p>\t\t\t\t\t\t\t\t<\/div>\n\t\t\t\t<div class=\"elementor-element elementor-element-9cd39db elementor-widget__width-initial e-transform elementor-invisible elementor-widget elementor-widget-text-editor\" data-id=\"9cd39db\" data-element_type=\"widget\" data-e-type=\"widget\" data-settings=\"{&quot;_animation&quot;:&quot;fadeIn&quot;,&quot;_transform_scale_effect_hover&quot;:{&quot;unit&quot;:&quot;px&quot;,&quot;size&quot;:1.1,&quot;sizes&quot;:[]},&quot;_transform_scale_effect_hover_tablet&quot;:{&quot;unit&quot;:&quot;px&quot;,&quot;size&quot;:&quot;&quot;,&quot;sizes&quot;:[]},&quot;_transform_scale_effect_hover_mobile&quot;:{&quot;unit&quot;:&quot;px&quot;,&quot;size&quot;:&quot;&quot;,&quot;sizes&quot;:[]}}\" data-widget_type=\"text-editor.default\">\n\t\t\t\t\t\t\t\t\t<p style=\"text-align: center;\"><a href=\"https:\/\/krakowskaelektrokardiologia.pl\/index.php\/program\/\"><span style=\"color: #ffffff;\">Program Konferencji<\/span><\/a><\/p>\t\t\t\t\t\t\t\t<\/div>\n\t\t\t\t<div class=\"elementor-element elementor-element-b05f5c8 elementor-widget__width-initial e-transform elementor-invisible elementor-widget elementor-widget-text-editor\" data-id=\"b05f5c8\" data-element_type=\"widget\" data-e-type=\"widget\" data-settings=\"{&quot;_animation&quot;:&quot;fadeIn&quot;,&quot;_transform_scale_effect_hover&quot;:{&quot;unit&quot;:&quot;px&quot;,&quot;size&quot;:1.1,&quot;sizes&quot;:[]},&quot;_transform_scale_effect_hover_tablet&quot;:{&quot;unit&quot;:&quot;px&quot;,&quot;size&quot;:&quot;&quot;,&quot;sizes&quot;:[]},&quot;_transform_scale_effect_hover_mobile&quot;:{&quot;unit&quot;:&quot;px&quot;,&quot;size&quot;:&quot;&quot;,&quot;sizes&quot;:[]}}\" data-widget_type=\"text-editor.default\">\n\t\t\t\t\t\t\t\t\t<p style=\"text-align: center;\"><a href=\"https:\/\/krakowskaelektrokardiologia.pl\/\"><span style=\"color: #ffffff;\">Strona G\u0142\u00f3wna<\/span><\/a><\/p>\t\t\t\t\t\t\t\t<\/div>\n\t\t\t\t<\/div>\n\t\t<div class=\"elementor-element elementor-element-f934839 e-con-full e-flex e-con e-parent\" data-id=\"f934839\" data-element_type=\"container\" data-e-type=\"container\">\n\t\t\t\t<div class=\"elementor-element elementor-element-b55425a elementor-widget elementor-widget-image\" data-id=\"b55425a\" data-element_type=\"widget\" data-e-type=\"widget\" data-widget_type=\"image.default\">\n\t\t\t\t\t\t\t\t\t\t\t\t\t\t\t<img fetchpriority=\"high\" decoding=\"async\" width=\"800\" height=\"320\" src=\"https:\/\/krakowskaelektrokardiologia.pl\/wp-content\/uploads\/2026\/01\/banner_KDE-1024x410.jpg\" class=\"attachment-large size-large wp-image-859\" alt=\"\" srcset=\"https:\/\/krakowskaelektrokardiologia.pl\/wp-content\/uploads\/2026\/01\/banner_KDE-1024x410.jpg 1024w, https:\/\/krakowskaelektrokardiologia.pl\/wp-content\/uploads\/2026\/01\/banner_KDE-300x120.jpg 300w, https:\/\/krakowskaelektrokardiologia.pl\/wp-content\/uploads\/2026\/01\/banner_KDE-768x308.jpg 768w, https:\/\/krakowskaelektrokardiologia.pl\/wp-content\/uploads\/2026\/01\/banner_KDE-1536x616.jpg 1536w, https:\/\/krakowskaelektrokardiologia.pl\/wp-content\/uploads\/2026\/01\/banner_KDE-2048x821.jpg 2048w\" sizes=\"(max-width: 800px) 100vw, 800px\" \/>\t\t\t\t\t\t\t\t\t\t\t\t\t\t\t<\/div>\n\t\t\t\t<\/div>\n\t\t<div class=\"elementor-element elementor-element-9ee1fa0 e-flex e-con-boxed e-con e-parent\" data-id=\"9ee1fa0\" data-element_type=\"container\" data-e-type=\"container\">\n\t\t\t\t\t<div class=\"e-con-inner\">\n\t\t\t\t<div class=\"elementor-element elementor-element-33b13d8 elementor-widget elementor-widget-text-editor\" data-id=\"33b13d8\" data-element_type=\"widget\" data-e-type=\"widget\" data-widget_type=\"text-editor.default\">\n\t\t\t\t\t\t\t\t\t<h5><strong><span style=\"color: #000000;\">RADA NAUKOWA<\/span><\/strong><\/h5>\t\t\t\t\t\t\t\t<\/div>\n\t\t\t\t\t<\/div>\n\t\t\t\t<\/div>\n\t\t<div class=\"elementor-element elementor-element-d723271 e-grid e-con-boxed e-con e-parent\" data-id=\"d723271\" data-element_type=\"container\" data-e-type=\"container\">\n\t\t\t\t\t<div class=\"e-con-inner\">\n\t\t\t\t<div class=\"elementor-element elementor-element-24126bc elementor-widget__width-initial elementor-widget elementor-widget-text-editor\" data-id=\"24126bc\" data-element_type=\"widget\" data-e-type=\"widget\" data-widget_type=\"text-editor.default\">\n\t\t\t\t\t\t\t\t\t<p><span style=\"color: #000000;\">prof. Rafa\u0142 Baranowski<\/span><br \/><span style=\"color: #000000;\">dr n. med. Artur Bartoszcze<\/span><br \/><span style=\"color: #000000;\">prof. Krzysztof Bartu\u015b<\/span><br \/><span style=\"color: #000000;\">dr n. med. Jacek Bednarek<\/span><br \/><span style=\"color: #000000;\">lek. Bartosz Bia\u0142czyk<\/span><br \/><span style=\"color: #000000;\">dr hab. Krzysztof Boczar<\/span><br \/><span style=\"color: #000000;\">mgr Katarzyna Burczak<\/span><br \/><span style=\"color: #000000;\">dr hab. Bernadeta Chyrchel<\/span><br \/><span style=\"color: #000000;\">dr hab. Micha\u0142 Chyrchel<\/span><br \/><span style=\"color: #000000;\">lek. Jakub Drewniak<\/span><span style=\"color: #000000;\"><br \/>prof. Barbara Gryglewska<br \/>dr hab. Bart\u0142omiej Guzik, prof. UJ<br \/><\/span><span style=\"color: #000000;\">dr n. med. Micha\u0142 Hara\u0144czyk<\/span><br \/><span style=\"color: #000000;\">dr n. med. Jaros\u0142aw Jarczewski<\/span><br \/><span style=\"color: #000000;\">prof. Bogus\u0142aw Kapelak<\/span><br \/><span style=\"color: #000000;\">dr n. med. Grzegorz Karkowski<br \/>dr n. med. Grzegorz Kie\u0142basa<br \/><\/span><\/p><p>\u00a0<\/p>\t\t\t\t\t\t\t\t<\/div>\n\t\t\t\t<div class=\"elementor-element elementor-element-b2f531e elementor-widget__width-initial elementor-widget elementor-widget-text-editor\" data-id=\"b2f531e\" data-element_type=\"widget\" data-e-type=\"widget\" data-widget_type=\"text-editor.default\">\n\t\t\t\t\t\t\t\t\t<p><span style=\"color: #000000;\">prof. Pawe\u0142 Kleczy\u0144ski<\/span><br \/><span style=\"color: #000000;\">dr hab. Monika Komar, prof. UJ<\/span><br \/><span style=\"color: #000000;\">dr hab. Ma\u0142gorzata Konieczy\u0144ska<\/span><br \/><span style=\"color: #000000;\">prof. Grzegorz Kope\u0107<br \/><\/span><span style=\"color: #000000;\">dr hab. Piotr Kukla<\/span><br \/><span style=\"color: #000000;\">dr hab. Marcin Kuniewicz<\/span><br \/><span style=\"color: #000000;\">prof. Jacek Legutko<br \/>lek. Lan Nguyen Thi-Kostrz<\/span><br \/><span style=\"color: #000000;\">prof. Maciej Ma\u0142ecki<\/span><br \/><span style=\"color: #000000;\">dr n. med. Patrycja Matusik<\/span><br \/><span style=\"color: #000000;\">dr hab. Pawe\u0142 Matusik, prof. UJ<\/span><br \/><span style=\"color: #000000;\">dr n. med. Pawe\u0142 Moskal<\/span><br \/><span style=\"color: #000000;\">prof. Jadwiga Nessler<\/span><br \/><span style=\"color: #000000;\">dr n. med. \u0141ukasz Niewiara<\/span><br \/><span style=\"color: #000000;\">lek. Jan Nowak<br \/>lek. Remigiusz Noworolski<br \/>dr hab. Agnieszka Olszanecka, prof. UJ<br \/><\/span><\/p>\t\t\t\t\t\t\t\t<\/div>\n\t\t\t\t<div class=\"elementor-element elementor-element-5bc24d9 elementor-widget__width-initial elementor-widget elementor-widget-text-editor\" data-id=\"5bc24d9\" data-element_type=\"widget\" data-e-type=\"widget\" data-widget_type=\"text-editor.default\">\n\t\t\t\t\t\t\t\t\t<p><span style=\"color: #000000;\">prof. Krzysztof Oziera\u0144ski<br \/>prof. Piotr Podolec<br \/>prof. Tadeusz Popiela<br \/>dr hab. Klaudia Proniewska<br \/>Leon Ptaszek, MD, PhD, FACC, FHRS<br \/>prof. Tomasz Rakowski<br \/>prof. Marek Rajzer<br \/>lek. \u0141ukasz Reczek<br \/>prof. Pawe\u0142 Rubi\u015b<br \/>dr n. med. Anna Rydlewska<br \/><\/span><span style=\"color: #000000;\">prof. Artur Rydosz<br \/>Dr hab. \u0141ukasz Rzeszutko<\/span><br \/><span style=\"color: #000000;\">prof. Jerzy Sadowski<\/span><br \/><span style=\"color: #000000;\">dr n. med. Agnieszka Sarnecka<\/span><br \/><span style=\"color: #000000;\">dr n. med. Katarzyna Sawczy\u0144ska <\/span><br \/><span style=\"color: #000000;\">dr n. med. Kamil Skowron<br \/>dr hab. Dorota Sobczyk<br \/><\/span><\/p>\t\t\t\t\t\t\t\t<\/div>\n\t\t\t\t<div class=\"elementor-element elementor-element-c53d7b6 elementor-widget__width-initial elementor-widget elementor-widget-text-editor\" data-id=\"c53d7b6\" data-element_type=\"widget\" data-e-type=\"widget\" data-widget_type=\"text-editor.default\">\n\t\t\t\t\t\t\t\t\t<p><span style=\"color: #000000;\">lek. Ewa Sobieraj<\/span><br \/><span style=\"color: #000000;\">dr n. med. Tomasz Sondej<\/span><br \/><span style=\"color: #000000;\">prof. Katarzyna Stolarz-Skrzypek<\/span><br \/><span style=\"color: #000000;\">prof. Andrzej Surdacki<\/span><br \/><span style=\"color: #000000;\">prof. Sebastian Stec<\/span><br \/><span style=\"color: #000000;\">dr n. med. Jakub St\u0119pniewski<\/span><br \/><span style=\"color: #000000;\">lek. Micha\u0142 Szotek<\/span><br \/><span style=\"color: #000000;\">prof. Lidia Tomkiewicz-Paj\u0105k<br \/>dr Anna Tylek<\/span><br \/><span style=\"color: #000000;\">dr hab. Agata Tymi\u0144ska<\/span><br \/><span style=\"color: #000000;\">prof. Anetta Undas<\/span><br \/><span style=\"color: #000000;\">dr hab. Peter van Dam, prof. wiz. UJ <\/span><br \/><span style=\"color: #000000;\">dr n. med. Marcin Walig\u00f3ra<\/span><br \/><span style=\"color: #000000;\">dr hab. Karol Wierzbicki, prof. UJ<\/span><br \/><span style=\"color: #000000;\">dr hab. Wiktoria Wojciechowska, prof. UJ<br \/>dr hab. n. med. Micha\u0142 Z\u0105bczyk, prof. UJ <\/span><br \/><span style=\"color: #000000;\">dr hab. Andrzej Z\u0105bek<\/span><\/p>\t\t\t\t\t\t\t\t<\/div>\n\t\t\t\t\t<\/div>\n\t\t\t\t<\/div>\n\t\t<div class=\"elementor-element elementor-element-b76e817 e-flex e-con-boxed e-con e-parent\" data-id=\"b76e817\" data-element_type=\"container\" data-e-type=\"container\">\n\t\t\t\t\t<div class=\"e-con-inner\">\n\t\t<div class=\"elementor-element elementor-element-9073f30 e-con-full e-flex e-con e-child\" data-id=\"9073f30\" data-element_type=\"container\" data-e-type=\"container\">\n\t\t\t\t<div class=\"elementor-element elementor-element-d1c13eb elementor-widget elementor-widget-spacer\" data-id=\"d1c13eb\" data-element_type=\"widget\" data-e-type=\"widget\" data-widget_type=\"spacer.default\">\n\t\t\t\t\t\t\t<div class=\"elementor-spacer\">\n\t\t\t<div class=\"elementor-spacer-inner\"><\/div>\n\t\t<\/div>\n\t\t\t\t\t\t<\/div>\n\t\t<div class=\"elementor-element elementor-element-a1ca534 e-grid e-con-full e-con e-child\" data-id=\"a1ca534\" data-element_type=\"container\" data-e-type=\"container\">\n\t\t\t\t<div class=\"elementor-element elementor-element-571e62f elementor-widget elementor-widget-image\" data-id=\"571e62f\" data-element_type=\"widget\" data-e-type=\"widget\" data-widget_type=\"image.default\">\n\t\t\t\t\t\t\t\t\t\t\t\t\t\t\t\t<a href=\"https:\/\/krakowskaelektrokardiologia.pl\/index.php\/program\">\n\t\t\t\t\t\t\t<img decoding=\"async\" width=\"800\" height=\"1000\" src=\"https:\/\/krakowskaelektrokardiologia.pl\/wp-content\/uploads\/2026\/02\/PROGRAM-po-zmianie-819x1024.png\" class=\"elementor-animation-grow attachment-large size-large wp-image-1448\" alt=\"\" srcset=\"https:\/\/krakowskaelektrokardiologia.pl\/wp-content\/uploads\/2026\/02\/PROGRAM-po-zmianie-819x1024.png 819w, https:\/\/krakowskaelektrokardiologia.pl\/wp-content\/uploads\/2026\/02\/PROGRAM-po-zmianie-240x300.png 240w, https:\/\/krakowskaelektrokardiologia.pl\/wp-content\/uploads\/2026\/02\/PROGRAM-po-zmianie-768x960.png 768w, https:\/\/krakowskaelektrokardiologia.pl\/wp-content\/uploads\/2026\/02\/PROGRAM-po-zmianie.png 1080w\" sizes=\"(max-width: 800px) 100vw, 800px\" \/>\t\t\t\t\t\t\t\t<\/a>\n\t\t\t\t\t\t\t\t\t\t\t\t\t\t\t<\/div>\n\t\t\t\t<div class=\"elementor-element elementor-element-8ea663a elementor-widget elementor-widget-image\" data-id=\"8ea663a\" data-element_type=\"widget\" data-e-type=\"widget\" data-widget_type=\"image.default\">\n\t\t\t\t\t\t\t\t\t\t\t\t\t\t\t\t<a href=\"https:\/\/krakowskaelektrokardiologia.pl\/index.php\/galeria-2\">\n\t\t\t\t\t\t\t<img decoding=\"async\" width=\"800\" height=\"1000\" src=\"https:\/\/krakowskaelektrokardiologia.pl\/wp-content\/uploads\/2026\/02\/GALERIA-819x1024.png\" class=\"elementor-animation-grow attachment-large size-large wp-image-1446\" alt=\"\" srcset=\"https:\/\/krakowskaelektrokardiologia.pl\/wp-content\/uploads\/2026\/02\/GALERIA-819x1024.png 819w, https:\/\/krakowskaelektrokardiologia.pl\/wp-content\/uploads\/2026\/02\/GALERIA-240x300.png 240w, https:\/\/krakowskaelektrokardiologia.pl\/wp-content\/uploads\/2026\/02\/GALERIA-768x960.png 768w, https:\/\/krakowskaelektrokardiologia.pl\/wp-content\/uploads\/2026\/02\/GALERIA.png 1080w\" sizes=\"(max-width: 800px) 100vw, 800px\" \/>\t\t\t\t\t\t\t\t<\/a>\n\t\t\t\t\t\t\t\t\t\t\t\t\t\t\t<\/div>\n\t\t\t\t<div class=\"elementor-element elementor-element-79756e7 elementor-widget elementor-widget-image\" data-id=\"79756e7\" data-element_type=\"widget\" data-e-type=\"widget\" data-widget_type=\"image.default\">\n\t\t\t\t\t\t\t\t\t\t\t\t\t\t\t\t<a href=\"https:\/\/krakowskaelektrokardiologia.pl\/index.php\/pe\/\">\n\t\t\t\t\t\t\t<img loading=\"lazy\" decoding=\"async\" width=\"800\" height=\"1000\" src=\"https:\/\/krakowskaelektrokardiologia.pl\/wp-content\/uploads\/2026\/02\/PLATFORMA-EDUKACYJNA-819x1024.png\" class=\"elementor-animation-grow attachment-large size-large wp-image-1447\" alt=\"\" srcset=\"https:\/\/krakowskaelektrokardiologia.pl\/wp-content\/uploads\/2026\/02\/PLATFORMA-EDUKACYJNA-819x1024.png 819w, https:\/\/krakowskaelektrokardiologia.pl\/wp-content\/uploads\/2026\/02\/PLATFORMA-EDUKACYJNA-240x300.png 240w, https:\/\/krakowskaelektrokardiologia.pl\/wp-content\/uploads\/2026\/02\/PLATFORMA-EDUKACYJNA-768x960.png 768w, https:\/\/krakowskaelektrokardiologia.pl\/wp-content\/uploads\/2026\/02\/PLATFORMA-EDUKACYJNA.png 1080w\" sizes=\"(max-width: 800px) 100vw, 800px\" \/>\t\t\t\t\t\t\t\t<\/a>\n\t\t\t\t\t\t\t\t\t\t\t\t\t\t\t<\/div>\n\t\t\t\t<div class=\"elementor-element elementor-element-93eab0d elementor-widget elementor-widget-spacer\" data-id=\"93eab0d\" data-element_type=\"widget\" data-e-type=\"widget\" data-widget_type=\"spacer.default\">\n\t\t\t\t\t\t\t<div class=\"elementor-spacer\">\n\t\t\t<div class=\"elementor-spacer-inner\"><\/div>\n\t\t<\/div>\n\t\t\t\t\t\t<\/div>\n\t\t\t\t<\/div>\n\t\t\t\t<\/div>\n\t\t\t\t\t<\/div>\n\t\t\t\t<\/div>\n\t\t<div class=\"elementor-element elementor-element-085520a e-flex e-con-boxed e-con e-parent\" data-id=\"085520a\" data-element_type=\"container\" data-e-type=\"container\" data-settings=\"{&quot;background_background&quot;:&quot;classic&quot;}\">\n\t\t\t\t\t<div class=\"e-con-inner\">\n\t\t<div class=\"elementor-element elementor-element-802b848 e-con-full e-flex e-con e-child\" data-id=\"802b848\" data-element_type=\"container\" data-e-type=\"container\" data-settings=\"{&quot;background_background&quot;:&quot;classic&quot;}\">\n\t\t<div class=\"elementor-element elementor-element-670e387 e-con-full e-flex e-con e-child\" data-id=\"670e387\" data-element_type=\"container\" data-e-type=\"container\">\n\t\t\t\t<div class=\"elementor-element elementor-element-8af59ad elementor-widget elementor-widget-text-editor\" data-id=\"8af59ad\" data-element_type=\"widget\" data-e-type=\"widget\" data-widget_type=\"text-editor.default\">\n\t\t\t\t\t\t\t\t\t<h6><span style=\"color: #ffffff;\"><strong>Biuro Organizacji Konferencji<\/strong><\/span><\/h6><h6><span style=\"color: #ffffff;\">Firma Iwentarium<\/span><br \/><span style=\"color: #ffffff;\">ul. Romanowicz 17A, 30-702 Krak\u00f3w<\/span><br \/><span style=\"color: #ffffff;\">www.iwentarium.pl<\/span><\/h6><h6>\u00a0<\/h6>\t\t\t\t\t\t\t\t<\/div>\n\t\t\t\t<\/div>\n\t\t<div class=\"elementor-element elementor-element-2e201b8 e-con-full e-flex e-con e-child\" data-id=\"2e201b8\" data-element_type=\"container\" data-e-type=\"container\">\n\t\t\t\t<div class=\"elementor-element elementor-element-06f9454 elementor-widget elementor-widget-text-editor\" data-id=\"06f9454\" data-element_type=\"widget\" data-e-type=\"widget\" data-widget_type=\"text-editor.default\">\n\t\t\t\t\t\t\t\t\t<h6><span style=\"color: #ffffff;\">e-mail:<u><a style=\"color: #ffffff;\" href=\"mailto:kontakt@example.com\"> biuro@krakowskaelektrokardiologia.pl<\/a><\/u><\/span><\/h6>\n<h6><span style=\"color: #ffffff;\">Joanna Iwaniec \u2013 <\/span><span style=\"color: #ffffff;\">tel. +48 883 569 500<\/span><\/h6>\n<h6><span style=\"color: #ffffff;\">Ma\u0142gorzata Feliksiak-Nowak \u2013 <\/span><span style=\"color: #ffffff;\">tel. +48 668 446 685<\/span><\/h6>\t\t\t\t\t\t\t\t<\/div>\n\t\t\t\t<\/div>\n\t\t<div class=\"elementor-element elementor-element-30bf103 e-con-full e-flex e-con e-child\" data-id=\"30bf103\" data-element_type=\"container\" data-e-type=\"container\">\n\t\t\t\t<\/div>\n\t\t\t\t<\/div>\n\t\t\t\t\t<\/div>\n\t\t\t\t<\/div>\n\t\t\t\t<\/div>\n\t\t","protected":false},"excerpt":{"rendered":"<p>Kontakt Platforma Edukacyjna Patroni Sponsorzy Galeria O Konferencji Rada Naukowa Program Konferencji Strona G\u0142\u00f3wna RADA NAUKOWA prof. Rafa\u0142 Baranowskidr n. med. Artur Bartoszczeprof. Krzysztof Bartu\u015bdr n. med. Jacek Bednareklek. Bartosz Bia\u0142czykdr hab. Krzysztof Boczarmgr Katarzyna Burczakdr hab. Bernadeta Chyrcheldr hab. Micha\u0142 Chyrchellek. Jakub Drewniakprof. Barbara Gryglewskadr hab. Bart\u0142omiej Guzik, prof. UJdr n. med. Micha\u0142 Hara\u0144czykdr [&hellip;]<\/p>\n","protected":false},"author":1,"featured_media":0,"parent":0,"menu_order":0,"comment_status":"closed","ping_status":"closed","template":"elementor_header_footer","meta":{"footnotes":""},"class_list":["post-72","page","type-page","status-publish","hentry"],"_links":{"self":[{"href":"https:\/\/krakowskaelektrokardiologia.pl\/index.php\/wp-json\/wp\/v2\/pages\/72","targetHints":{"allow":["GET"]}}],"collection":[{"href":"https:\/\/krakowskaelektrokardiologia.pl\/index.php\/wp-json\/wp\/v2\/pages"}],"about":[{"href":"https:\/\/krakowskaelektrokardiologia.pl\/index.php\/wp-json\/wp\/v2\/types\/page"}],"author":[{"embeddable":true,"href":"https:\/\/krakowskaelektrokardiologia.pl\/index.php\/wp-json\/wp\/v2\/users\/1"}],"replies":[{"embeddable":true,"href":"https:\/\/krakowskaelektrokardiologia.pl\/index.php\/wp-json\/wp\/v2\/comments?post=72"}],"version-history":[{"count":145,"href":"https:\/\/krakowskaelektrokardiologia.pl\/index.php\/wp-json\/wp\/v2\/pages\/72\/revisions"}],"predecessor-version":[{"id":1646,"href":"https:\/\/krakowskaelektrokardiologia.pl\/index.php\/wp-json\/wp\/v2\/pages\/72\/revisions\/1646"}],"wp:attachment":[{"href":"https:\/\/krakowskaelektrokardiologia.pl\/index.php\/wp-json\/wp\/v2\/media?parent=72"}],"curies":[{"name":"wp","href":"https:\/\/api.w.org\/{rel}","templated":true}]}}