{"id":273,"date":"2026-02-08T16:45:44","date_gmt":"2026-02-08T16:45:44","guid":{"rendered":"https:\/\/krakowskaelektrokardiologia.pl\/?page_id=273"},"modified":"2026-02-13T14:03:04","modified_gmt":"2026-02-13T14:03:04","slug":"platforma_edukacyjna","status":"publish","type":"page","link":"https:\/\/krakowskaelektrokardiologia.pl\/index.php\/platforma_edukacyjna\/","title":{"rendered":"Platforma Edukacyjna stara strona"},"content":{"rendered":"\t\t<div data-elementor-type=\"wp-page\" data-elementor-id=\"273\" class=\"elementor elementor-273\">\n\t\t\t\t<div class=\"elementor-element elementor-element-106abe7 e-con-full e-flex e-con e-parent\" data-id=\"106abe7\" data-element_type=\"container\" data-e-type=\"container\" data-settings=\"{&quot;background_background&quot;:&quot;classic&quot;}\">\n\t\t\t\t<div class=\"elementor-element elementor-element-c1d2a30 elementor-widget__width-initial e-transform elementor-invisible elementor-widget elementor-widget-text-editor\" data-id=\"c1d2a30\" data-element_type=\"widget\" data-e-type=\"widget\" data-settings=\"{&quot;_animation&quot;:&quot;fadeIn&quot;,&quot;_transform_scale_effect_hover&quot;:{&quot;unit&quot;:&quot;px&quot;,&quot;size&quot;:1.1,&quot;sizes&quot;:[]},&quot;_transform_scale_effect_hover_tablet&quot;:{&quot;unit&quot;:&quot;px&quot;,&quot;size&quot;:&quot;&quot;,&quot;sizes&quot;:[]},&quot;_transform_scale_effect_hover_mobile&quot;:{&quot;unit&quot;:&quot;px&quot;,&quot;size&quot;:&quot;&quot;,&quot;sizes&quot;:[]}}\" data-widget_type=\"text-editor.default\">\n\t\t\t\t\t\t\t\t\t<p style=\"text-align: center;\"><a href=\"https:\/\/krakowskaelektrokardiologia.pl\/index.php\/kontakt\/\"><span style=\"color: #ffffff;\">Kontakt<\/span><\/a><\/p>\t\t\t\t\t\t\t\t<\/div>\n\t\t\t\t<div class=\"elementor-element elementor-element-e3d8146 elementor-widget__width-initial e-transform elementor-invisible elementor-widget elementor-widget-text-editor\" data-id=\"e3d8146\" data-element_type=\"widget\" data-e-type=\"widget\" data-settings=\"{&quot;_animation&quot;:&quot;fadeIn&quot;,&quot;_transform_scale_effect_hover&quot;:{&quot;unit&quot;:&quot;px&quot;,&quot;size&quot;:1.1,&quot;sizes&quot;:[]},&quot;_transform_scale_effect_hover_tablet&quot;:{&quot;unit&quot;:&quot;px&quot;,&quot;size&quot;:&quot;&quot;,&quot;sizes&quot;:[]},&quot;_transform_scale_effect_hover_mobile&quot;:{&quot;unit&quot;:&quot;px&quot;,&quot;size&quot;:&quot;&quot;,&quot;sizes&quot;:[]}}\" data-widget_type=\"text-editor.default\">\n\t\t\t\t\t\t\t\t\t<p style=\"text-align: center;\"><span style=\"color: #ffffff;\"><a style=\"color: #ffffff;\" href=\"https:\/\/krakowskaelektrokardiologia.pl\/index.php\/pe\/\" target=\"_blank\" rel=\"noopener\">Platforma Edukacyjna<\/a><\/span><\/p>\t\t\t\t\t\t\t\t<\/div>\n\t\t\t\t<div class=\"elementor-element elementor-element-47b818c elementor-widget__width-initial e-transform elementor-invisible elementor-widget elementor-widget-text-editor\" data-id=\"47b818c\" data-element_type=\"widget\" data-e-type=\"widget\" data-settings=\"{&quot;_animation&quot;:&quot;fadeIn&quot;,&quot;_transform_scale_effect_hover&quot;:{&quot;unit&quot;:&quot;px&quot;,&quot;size&quot;:1.1,&quot;sizes&quot;:[]},&quot;_transform_scale_effect_hover_tablet&quot;:{&quot;unit&quot;:&quot;px&quot;,&quot;size&quot;:&quot;&quot;,&quot;sizes&quot;:[]},&quot;_transform_scale_effect_hover_mobile&quot;:{&quot;unit&quot;:&quot;px&quot;,&quot;size&quot;:&quot;&quot;,&quot;sizes&quot;:[]}}\" data-widget_type=\"text-editor.default\">\n\t\t\t\t\t\t\t\t\t<p style=\"text-align: center;\"><a href=\"https:\/\/krakowskaelektrokardiologia.pl\/index.php\/patroni\/\"><span style=\"color: #ffffff;\">Patroni<\/span><\/a><\/p>\t\t\t\t\t\t\t\t<\/div>\n\t\t\t\t<div class=\"elementor-element elementor-element-14ed616 elementor-widget__width-initial e-transform elementor-invisible elementor-widget elementor-widget-text-editor\" data-id=\"14ed616\" data-element_type=\"widget\" data-e-type=\"widget\" data-settings=\"{&quot;_animation&quot;:&quot;fadeIn&quot;,&quot;_transform_scale_effect_hover&quot;:{&quot;unit&quot;:&quot;px&quot;,&quot;size&quot;:1.1,&quot;sizes&quot;:[]},&quot;_transform_scale_effect_hover_tablet&quot;:{&quot;unit&quot;:&quot;px&quot;,&quot;size&quot;:&quot;&quot;,&quot;sizes&quot;:[]},&quot;_transform_scale_effect_hover_mobile&quot;:{&quot;unit&quot;:&quot;px&quot;,&quot;size&quot;:&quot;&quot;,&quot;sizes&quot;:[]}}\" data-widget_type=\"text-editor.default\">\n\t\t\t\t\t\t\t\t\t<p style=\"text-align: center;\"><a href=\"https:\/\/krakowskaelektrokardiologia.pl\/index.php\/sponsorzy\/\"><span style=\"color: #ffffff;\">Sponsorzy<\/span><\/a><\/p>\t\t\t\t\t\t\t\t<\/div>\n\t\t\t\t<div class=\"elementor-element elementor-element-41abbc2 elementor-widget__width-initial e-transform elementor-invisible elementor-widget elementor-widget-text-editor\" data-id=\"41abbc2\" data-element_type=\"widget\" data-e-type=\"widget\" data-settings=\"{&quot;_animation&quot;:&quot;fadeIn&quot;,&quot;_transform_scale_effect_hover&quot;:{&quot;unit&quot;:&quot;px&quot;,&quot;size&quot;:1.1,&quot;sizes&quot;:[]},&quot;_transform_scale_effect_hover_tablet&quot;:{&quot;unit&quot;:&quot;px&quot;,&quot;size&quot;:&quot;&quot;,&quot;sizes&quot;:[]},&quot;_transform_scale_effect_hover_mobile&quot;:{&quot;unit&quot;:&quot;px&quot;,&quot;size&quot;:&quot;&quot;,&quot;sizes&quot;:[]}}\" data-widget_type=\"text-editor.default\">\n\t\t\t\t\t\t\t\t\t<p style=\"text-align: center;\"><a href=\"https:\/\/krakowskaelektrokardiologia.pl\/index.php\/galeria-2\"><span style=\"color: #ffffff;\">Galeria<\/span><\/a><\/p>\t\t\t\t\t\t\t\t<\/div>\n\t\t\t\t<div class=\"elementor-element elementor-element-7583ae4 elementor-widget__width-initial e-transform elementor-invisible elementor-widget elementor-widget-text-editor\" data-id=\"7583ae4\" data-element_type=\"widget\" data-e-type=\"widget\" data-settings=\"{&quot;_animation&quot;:&quot;fadeIn&quot;,&quot;_transform_scale_effect_hover&quot;:{&quot;unit&quot;:&quot;px&quot;,&quot;size&quot;:1.1,&quot;sizes&quot;:[]},&quot;_transform_scale_effect_hover_tablet&quot;:{&quot;unit&quot;:&quot;px&quot;,&quot;size&quot;:&quot;&quot;,&quot;sizes&quot;:[]},&quot;_transform_scale_effect_hover_mobile&quot;:{&quot;unit&quot;:&quot;px&quot;,&quot;size&quot;:&quot;&quot;,&quot;sizes&quot;:[]}}\" data-widget_type=\"text-editor.default\">\n\t\t\t\t\t\t\t\t\t<p style=\"text-align: center;\"><a href=\"https:\/\/krakowskaelektrokardiologia.pl\/index.php\/o-konferencji\/\"><span style=\"color: #ffffff;\">O Konferencji<\/span><\/a><\/p>\t\t\t\t\t\t\t\t<\/div>\n\t\t\t\t<div class=\"elementor-element elementor-element-8ff9537 elementor-widget__width-initial e-transform elementor-invisible elementor-widget elementor-widget-text-editor\" data-id=\"8ff9537\" data-element_type=\"widget\" data-e-type=\"widget\" data-settings=\"{&quot;_animation&quot;:&quot;fadeIn&quot;,&quot;_transform_scale_effect_hover&quot;:{&quot;unit&quot;:&quot;px&quot;,&quot;size&quot;:1.1,&quot;sizes&quot;:[]},&quot;_transform_scale_effect_hover_tablet&quot;:{&quot;unit&quot;:&quot;px&quot;,&quot;size&quot;:&quot;&quot;,&quot;sizes&quot;:[]},&quot;_transform_scale_effect_hover_mobile&quot;:{&quot;unit&quot;:&quot;px&quot;,&quot;size&quot;:&quot;&quot;,&quot;sizes&quot;:[]}}\" data-widget_type=\"text-editor.default\">\n\t\t\t\t\t\t\t\t\t<p style=\"text-align: center;\"><a href=\"https:\/\/krakowskaelektrokardiologia.pl\/index.php\/rada-naukowa\/\"><span style=\"color: #ffffff;\">Rada Naukowa<\/span><\/a><\/p>\t\t\t\t\t\t\t\t<\/div>\n\t\t\t\t<div class=\"elementor-element elementor-element-9de5a2c elementor-widget__width-initial e-transform elementor-invisible elementor-widget elementor-widget-text-editor\" data-id=\"9de5a2c\" data-element_type=\"widget\" data-e-type=\"widget\" data-settings=\"{&quot;_animation&quot;:&quot;fadeIn&quot;,&quot;_transform_scale_effect_hover&quot;:{&quot;unit&quot;:&quot;px&quot;,&quot;size&quot;:1.1,&quot;sizes&quot;:[]},&quot;_transform_scale_effect_hover_tablet&quot;:{&quot;unit&quot;:&quot;px&quot;,&quot;size&quot;:&quot;&quot;,&quot;sizes&quot;:[]},&quot;_transform_scale_effect_hover_mobile&quot;:{&quot;unit&quot;:&quot;px&quot;,&quot;size&quot;:&quot;&quot;,&quot;sizes&quot;:[]}}\" data-widget_type=\"text-editor.default\">\n\t\t\t\t\t\t\t\t\t<p style=\"text-align: center;\"><a href=\"https:\/\/krakowskaelektrokardiologia.pl\/index.php\/program\/\"><span style=\"color: #ffffff;\">Program Konferencji<\/span><\/a><\/p>\t\t\t\t\t\t\t\t<\/div>\n\t\t\t\t<div class=\"elementor-element elementor-element-bb95115 elementor-widget__width-initial e-transform elementor-invisible elementor-widget elementor-widget-text-editor\" data-id=\"bb95115\" data-element_type=\"widget\" data-e-type=\"widget\" data-settings=\"{&quot;_animation&quot;:&quot;fadeIn&quot;,&quot;_transform_scale_effect_hover&quot;:{&quot;unit&quot;:&quot;px&quot;,&quot;size&quot;:1.1,&quot;sizes&quot;:[]},&quot;_transform_scale_effect_hover_tablet&quot;:{&quot;unit&quot;:&quot;px&quot;,&quot;size&quot;:&quot;&quot;,&quot;sizes&quot;:[]},&quot;_transform_scale_effect_hover_mobile&quot;:{&quot;unit&quot;:&quot;px&quot;,&quot;size&quot;:&quot;&quot;,&quot;sizes&quot;:[]}}\" data-widget_type=\"text-editor.default\">\n\t\t\t\t\t\t\t\t\t<p style=\"text-align: center;\"><a href=\"https:\/\/krakowskaelektrokardiologia.pl\/\"><span style=\"color: #ffffff;\">Strona G\u0142\u00f3wna<\/span><\/a><\/p>\t\t\t\t\t\t\t\t<\/div>\n\t\t\t\t<\/div>\n\t\t<div class=\"elementor-element elementor-element-cfedea3 e-flex e-con-boxed e-con e-parent\" data-id=\"cfedea3\" data-element_type=\"container\" data-e-type=\"container\">\n\t\t\t\t\t<div class=\"e-con-inner\">\n\t\t\t\t<div class=\"elementor-element elementor-element-f85ad89 elementor-widget elementor-widget-image\" data-id=\"f85ad89\" data-element_type=\"widget\" data-e-type=\"widget\" data-widget_type=\"image.default\">\n\t\t\t\t\t\t\t\t\t\t\t\t\t\t\t<img fetchpriority=\"high\" decoding=\"async\" width=\"800\" height=\"336\" src=\"https:\/\/krakowskaelektrokardiologia.pl\/wp-content\/uploads\/2026\/02\/Krakowska-Kardiologia-Platforma-Edukacyjne-1024x430.jpg\" class=\"attachment-large size-large wp-image-1345\" alt=\"\" srcset=\"https:\/\/krakowskaelektrokardiologia.pl\/wp-content\/uploads\/2026\/02\/Krakowska-Kardiologia-Platforma-Edukacyjne-1024x430.jpg 1024w, https:\/\/krakowskaelektrokardiologia.pl\/wp-content\/uploads\/2026\/02\/Krakowska-Kardiologia-Platforma-Edukacyjne-300x126.jpg 300w, https:\/\/krakowskaelektrokardiologia.pl\/wp-content\/uploads\/2026\/02\/Krakowska-Kardiologia-Platforma-Edukacyjne-768x322.jpg 768w, https:\/\/krakowskaelektrokardiologia.pl\/wp-content\/uploads\/2026\/02\/Krakowska-Kardiologia-Platforma-Edukacyjne.jpg 1280w\" sizes=\"(max-width: 800px) 100vw, 800px\" \/>\t\t\t\t\t\t\t\t\t\t\t\t\t\t\t<\/div>\n\t\t\t\t<div class=\"elementor-element elementor-element-38a1735 elementor-widget elementor-widget-text-editor\" data-id=\"38a1735\" data-element_type=\"widget\" data-e-type=\"widget\" data-widget_type=\"text-editor.default\">\n\t\t\t\t\t\t\t\t\t<p><span style=\"color: #000000;\"><strong>PLATFORMA EDUKACYJNA<\/strong><\/span><\/p>\t\t\t\t\t\t\t\t<\/div>\n\t\t\t\t\t<\/div>\n\t\t\t\t<\/div>\n\t\t<div class=\"elementor-element elementor-element-bf8a3c7 e-flex e-con-boxed e-con e-parent\" data-id=\"bf8a3c7\" data-element_type=\"container\" data-e-type=\"container\">\n\t\t\t\t\t<div class=\"e-con-inner\">\n\t\t\t\t<div class=\"elementor-element elementor-element-3748666 elementor-widget elementor-widget-text-editor\" data-id=\"3748666\" data-element_type=\"widget\" data-e-type=\"widget\" data-widget_type=\"text-editor.default\">\n\t\t\t\t\t\t\t\t\t<pre><strong style=\"font-family: Roboto, sans-serif; font-size: 1rem;\"><span style=\"color: #000000;\">Materia\u0142y edukacyjne w przygotowaniu.<\/span><\/strong><\/pre><div><div dir=\"auto\"><div>\u00a0<\/div><\/div><\/div>\t\t\t\t\t\t\t\t<\/div>\n\t\t\t\t\t<\/div>\n\t\t\t\t<\/div>\n\t\t<div class=\"elementor-element elementor-element-bbe2f12 e-flex e-con-boxed e-con e-parent\" data-id=\"bbe2f12\" data-element_type=\"container\" data-e-type=\"container\">\n\t\t\t\t\t<div class=\"e-con-inner\">\n\t\t\t\t<div class=\"elementor-element elementor-element-72792a9 elementor-widget elementor-widget-spacer\" data-id=\"72792a9\" data-element_type=\"widget\" data-e-type=\"widget\" data-widget_type=\"spacer.default\">\n\t\t\t\t\t\t\t<div class=\"elementor-spacer\">\n\t\t\t<div class=\"elementor-spacer-inner\"><\/div>\n\t\t<\/div>\n\t\t\t\t\t\t<\/div>\n\t\t<div class=\"elementor-element elementor-element-546123c e-grid e-con-full e-con e-child\" data-id=\"546123c\" data-element_type=\"container\" data-e-type=\"container\">\n\t\t\t\t<div class=\"elementor-element elementor-element-a400d32 elementor-widget elementor-widget-image\" data-id=\"a400d32\" data-element_type=\"widget\" data-e-type=\"widget\" data-widget_type=\"image.default\">\n\t\t\t\t\t\t\t\t\t\t\t\t\t\t\t\t<a href=\"https:\/\/krakowskaelektrokardiologia.pl\/index.php\/program\">\n\t\t\t\t\t\t\t<img decoding=\"async\" width=\"800\" height=\"1000\" src=\"https:\/\/krakowskaelektrokardiologia.pl\/wp-content\/uploads\/2026\/02\/PROGRAM-po-zmianie-819x1024.png\" class=\"elementor-animation-grow attachment-large size-large wp-image-1448\" alt=\"\" srcset=\"https:\/\/krakowskaelektrokardiologia.pl\/wp-content\/uploads\/2026\/02\/PROGRAM-po-zmianie-819x1024.png 819w, https:\/\/krakowskaelektrokardiologia.pl\/wp-content\/uploads\/2026\/02\/PROGRAM-po-zmianie-240x300.png 240w, https:\/\/krakowskaelektrokardiologia.pl\/wp-content\/uploads\/2026\/02\/PROGRAM-po-zmianie-768x960.png 768w, https:\/\/krakowskaelektrokardiologia.pl\/wp-content\/uploads\/2026\/02\/PROGRAM-po-zmianie.png 1080w\" sizes=\"(max-width: 800px) 100vw, 800px\" \/>\t\t\t\t\t\t\t\t<\/a>\n\t\t\t\t\t\t\t\t\t\t\t\t\t\t\t<\/div>\n\t\t\t\t<div class=\"elementor-element elementor-element-6f46de4 elementor-widget elementor-widget-image\" data-id=\"6f46de4\" data-element_type=\"widget\" data-e-type=\"widget\" data-widget_type=\"image.default\">\n\t\t\t\t\t\t\t\t\t\t\t\t\t\t\t\t<a href=\"https:\/\/krakowskaelektrokardiologia.pl\/index.php\/galeria-2\">\n\t\t\t\t\t\t\t<img decoding=\"async\" width=\"800\" height=\"1000\" src=\"https:\/\/krakowskaelektrokardiologia.pl\/wp-content\/uploads\/2026\/02\/GALERIA-819x1024.png\" class=\"elementor-animation-grow attachment-large size-large wp-image-1446\" alt=\"\" srcset=\"https:\/\/krakowskaelektrokardiologia.pl\/wp-content\/uploads\/2026\/02\/GALERIA-819x1024.png 819w, https:\/\/krakowskaelektrokardiologia.pl\/wp-content\/uploads\/2026\/02\/GALERIA-240x300.png 240w, https:\/\/krakowskaelektrokardiologia.pl\/wp-content\/uploads\/2026\/02\/GALERIA-768x960.png 768w, https:\/\/krakowskaelektrokardiologia.pl\/wp-content\/uploads\/2026\/02\/GALERIA.png 1080w\" sizes=\"(max-width: 800px) 100vw, 800px\" \/>\t\t\t\t\t\t\t\t<\/a>\n\t\t\t\t\t\t\t\t\t\t\t\t\t\t\t<\/div>\n\t\t\t\t<div class=\"elementor-element elementor-element-bcab6fd elementor-widget elementor-widget-image\" data-id=\"bcab6fd\" data-element_type=\"widget\" data-e-type=\"widget\" data-widget_type=\"image.default\">\n\t\t\t\t\t\t\t\t\t\t\t\t\t\t\t\t<a href=\"https:\/\/krakowskaelektrokardiologia.pl\/index.php\/pe\/\">\n\t\t\t\t\t\t\t<img loading=\"lazy\" decoding=\"async\" width=\"800\" height=\"1000\" src=\"https:\/\/krakowskaelektrokardiologia.pl\/wp-content\/uploads\/2026\/02\/PLATFORMA-EDUKACYJNA-819x1024.png\" class=\"elementor-animation-grow attachment-large size-large wp-image-1447\" alt=\"\" srcset=\"https:\/\/krakowskaelektrokardiologia.pl\/wp-content\/uploads\/2026\/02\/PLATFORMA-EDUKACYJNA-819x1024.png 819w, https:\/\/krakowskaelektrokardiologia.pl\/wp-content\/uploads\/2026\/02\/PLATFORMA-EDUKACYJNA-240x300.png 240w, https:\/\/krakowskaelektrokardiologia.pl\/wp-content\/uploads\/2026\/02\/PLATFORMA-EDUKACYJNA-768x960.png 768w, https:\/\/krakowskaelektrokardiologia.pl\/wp-content\/uploads\/2026\/02\/PLATFORMA-EDUKACYJNA.png 1080w\" sizes=\"(max-width: 800px) 100vw, 800px\" \/>\t\t\t\t\t\t\t\t<\/a>\n\t\t\t\t\t\t\t\t\t\t\t\t\t\t\t<\/div>\n\t\t\t\t<div class=\"elementor-element elementor-element-d9cfdb1 elementor-widget elementor-widget-spacer\" data-id=\"d9cfdb1\" data-element_type=\"widget\" data-e-type=\"widget\" data-widget_type=\"spacer.default\">\n\t\t\t\t\t\t\t<div class=\"elementor-spacer\">\n\t\t\t<div class=\"elementor-spacer-inner\"><\/div>\n\t\t<\/div>\n\t\t\t\t\t\t<\/div>\n\t\t\t\t<\/div>\n\t\t\t\t\t<\/div>\n\t\t\t\t<\/div>\n\t\t<div class=\"elementor-element elementor-element-252b494 e-flex e-con-boxed e-con e-parent\" data-id=\"252b494\" data-element_type=\"container\" data-e-type=\"container\" data-settings=\"{&quot;background_background&quot;:&quot;classic&quot;}\">\n\t\t\t\t\t<div class=\"e-con-inner\">\n\t\t<div class=\"elementor-element elementor-element-cd41223 e-con-full e-flex e-con e-child\" data-id=\"cd41223\" data-element_type=\"container\" data-e-type=\"container\" data-settings=\"{&quot;background_background&quot;:&quot;classic&quot;}\">\n\t\t<div class=\"elementor-element elementor-element-6f22089 e-con-full e-flex e-con e-child\" data-id=\"6f22089\" data-element_type=\"container\" data-e-type=\"container\">\n\t\t\t\t<div class=\"elementor-element elementor-element-3cbb233 elementor-widget elementor-widget-text-editor\" data-id=\"3cbb233\" data-element_type=\"widget\" data-e-type=\"widget\" data-widget_type=\"text-editor.default\">\n\t\t\t\t\t\t\t\t\t<h6><span style=\"color: #ffffff;\"><strong>Biuro Organizacji Konferencji<\/strong><\/span><\/h6><h6><span style=\"color: #ffffff;\">Firma Iwentarium<\/span><br \/><span style=\"color: #ffffff;\">ul. Romanowicz 17A, 30-702 Krak\u00f3w<\/span><br \/><span style=\"color: #ffffff;\">www.iwentarium.pl<\/span><\/h6><h6>\u00a0<\/h6>\t\t\t\t\t\t\t\t<\/div>\n\t\t\t\t<\/div>\n\t\t<div class=\"elementor-element elementor-element-6a41967 e-con-full e-flex e-con e-child\" data-id=\"6a41967\" data-element_type=\"container\" data-e-type=\"container\">\n\t\t\t\t<div class=\"elementor-element elementor-element-49276a3 elementor-widget elementor-widget-text-editor\" data-id=\"49276a3\" data-element_type=\"widget\" data-e-type=\"widget\" data-widget_type=\"text-editor.default\">\n\t\t\t\t\t\t\t\t\t<h6><span style=\"color: #ffffff;\">e-mail:<u><a style=\"color: #ffffff;\" href=\"mailto:kontakt@example.com\"> biuro@krakowskaelektrokardiologia.pl<\/a><\/u><\/span><\/h6>\n<h6><span style=\"color: #ffffff;\">Joanna Iwaniec \u2013 <\/span><span style=\"color: #ffffff;\">tel. +48 883 569 500<\/span><\/h6>\n<h6><span style=\"color: #ffffff;\">Ma\u0142gorzata Feliksiak-Nowak \u2013 <\/span><span style=\"color: #ffffff;\">tel. +48 668 446 685<\/span><\/h6>\t\t\t\t\t\t\t\t<\/div>\n\t\t\t\t<\/div>\n\t\t<div class=\"elementor-element elementor-element-d521dbe e-con-full e-flex e-con e-child\" data-id=\"d521dbe\" data-element_type=\"container\" data-e-type=\"container\">\n\t\t\t\t<\/div>\n\t\t\t\t<\/div>\n\t\t\t\t\t<\/div>\n\t\t\t\t<\/div>\n\t\t<div class=\"elementor-element elementor-element-02c84c9 e-flex e-con-boxed e-con e-parent\" data-id=\"02c84c9\" data-element_type=\"container\" data-e-type=\"container\">\n\t\t\t\t\t<div class=\"e-con-inner\">\n\t\t\t\t\t<\/div>\n\t\t\t\t<\/div>\n\t\t\t\t<\/div>\n\t\t","protected":false},"excerpt":{"rendered":"<p>Kontakt Platforma Edukacyjna Patroni Sponsorzy Galeria O Konferencji Rada Naukowa Program Konferencji Strona G\u0142\u00f3wna PLATFORMA EDUKACYJNA Materia\u0142y edukacyjne w przygotowaniu. \u00a0 Biuro Organizacji Konferencji Firma Iwentariumul. Romanowicz 17A, 30-702 Krak\u00f3wwww.iwentarium.pl \u00a0 e-mail: biuro@krakowskaelektrokardiologia.pl Joanna Iwaniec \u2013 tel. +48 883 569 500 Ma\u0142gorzata Feliksiak-Nowak \u2013 tel. +48 668 446 685<\/p>\n","protected":false},"author":1,"featured_media":0,"parent":0,"menu_order":0,"comment_status":"closed","ping_status":"closed","template":"elementor_header_footer","meta":{"footnotes":""},"class_list":["post-273","page","type-page","status-publish","hentry"],"_links":{"self":[{"href":"https:\/\/krakowskaelektrokardiologia.pl\/index.php\/wp-json\/wp\/v2\/pages\/273","targetHints":{"allow":["GET"]}}],"collection":[{"href":"https:\/\/krakowskaelektrokardiologia.pl\/index.php\/wp-json\/wp\/v2\/pages"}],"about":[{"href":"https:\/\/krakowskaelektrokardiologia.pl\/index.php\/wp-json\/wp\/v2\/types\/page"}],"author":[{"embeddable":true,"href":"https:\/\/krakowskaelektrokardiologia.pl\/index.php\/wp-json\/wp\/v2\/users\/1"}],"replies":[{"embeddable":true,"href":"https:\/\/krakowskaelektrokardiologia.pl\/index.php\/wp-json\/wp\/v2\/comments?post=273"}],"version-history":[{"count":156,"href":"https:\/\/krakowskaelektrokardiologia.pl\/index.php\/wp-json\/wp\/v2\/pages\/273\/revisions"}],"predecessor-version":[{"id":1552,"href":"https:\/\/krakowskaelektrokardiologia.pl\/index.php\/wp-json\/wp\/v2\/pages\/273\/revisions\/1552"}],"wp:attachment":[{"href":"https:\/\/krakowskaelektrokardiologia.pl\/index.php\/wp-json\/wp\/v2\/media?parent=273"}],"curies":[{"name":"wp","href":"https:\/\/api.w.org\/{rel}","templated":true}]}}