{"id":175,"date":"2025-12-16T07:17:55","date_gmt":"2025-12-16T07:17:55","guid":{"rendered":"https:\/\/krakowskaelektrokardiologia.pl\/?page_id=175"},"modified":"2026-02-13T14:04:47","modified_gmt":"2026-02-13T14:04:47","slug":"kontakt","status":"publish","type":"page","link":"https:\/\/krakowskaelektrokardiologia.pl\/index.php\/kontakt\/","title":{"rendered":"Kontakt"},"content":{"rendered":"\t\t<div data-elementor-type=\"wp-page\" data-elementor-id=\"175\" class=\"elementor elementor-175\">\n\t\t\t\t<div class=\"elementor-element elementor-element-22b1f16 e-con-full e-flex e-con e-parent\" data-id=\"22b1f16\" data-element_type=\"container\" data-e-type=\"container\" data-settings=\"{&quot;background_background&quot;:&quot;classic&quot;}\">\n\t\t\t\t<div class=\"elementor-element elementor-element-582a40c elementor-widget__width-initial e-transform elementor-invisible elementor-widget elementor-widget-text-editor\" data-id=\"582a40c\" data-element_type=\"widget\" data-e-type=\"widget\" data-settings=\"{&quot;_animation&quot;:&quot;fadeIn&quot;,&quot;_transform_scale_effect_hover&quot;:{&quot;unit&quot;:&quot;px&quot;,&quot;size&quot;:1.1,&quot;sizes&quot;:[]},&quot;_transform_scale_effect_hover_tablet&quot;:{&quot;unit&quot;:&quot;px&quot;,&quot;size&quot;:&quot;&quot;,&quot;sizes&quot;:[]},&quot;_transform_scale_effect_hover_mobile&quot;:{&quot;unit&quot;:&quot;px&quot;,&quot;size&quot;:&quot;&quot;,&quot;sizes&quot;:[]}}\" data-widget_type=\"text-editor.default\">\n\t\t\t\t\t\t\t\t\t<p style=\"text-align: center;\"><a href=\"https:\/\/krakowskaelektrokardiologia.pl\/index.php\/kontakt\/\"><span style=\"color: #ffffff;\">Kontakt<\/span><\/a><\/p>\t\t\t\t\t\t\t\t<\/div>\n\t\t\t\t<div class=\"elementor-element elementor-element-c2e8f37 elementor-widget__width-initial e-transform elementor-invisible elementor-widget elementor-widget-text-editor\" data-id=\"c2e8f37\" data-element_type=\"widget\" data-e-type=\"widget\" data-settings=\"{&quot;_animation&quot;:&quot;fadeIn&quot;,&quot;_transform_scale_effect_hover&quot;:{&quot;unit&quot;:&quot;px&quot;,&quot;size&quot;:1.1,&quot;sizes&quot;:[]},&quot;_transform_scale_effect_hover_tablet&quot;:{&quot;unit&quot;:&quot;px&quot;,&quot;size&quot;:&quot;&quot;,&quot;sizes&quot;:[]},&quot;_transform_scale_effect_hover_mobile&quot;:{&quot;unit&quot;:&quot;px&quot;,&quot;size&quot;:&quot;&quot;,&quot;sizes&quot;:[]}}\" data-widget_type=\"text-editor.default\">\n\t\t\t\t\t\t\t\t\t<p style=\"text-align: center;\"><a href=\"https:\/\/krakowskaelektrokardiologia.pl\/index.php\/platforma_edukacyjna\"><span style=\"color: #ffffff;\">Platforma Edukacyjna<\/span><\/a><\/p>\t\t\t\t\t\t\t\t<\/div>\n\t\t\t\t<div class=\"elementor-element elementor-element-1550591 elementor-widget__width-initial e-transform elementor-invisible elementor-widget elementor-widget-text-editor\" data-id=\"1550591\" data-element_type=\"widget\" data-e-type=\"widget\" data-settings=\"{&quot;_animation&quot;:&quot;fadeIn&quot;,&quot;_transform_scale_effect_hover&quot;:{&quot;unit&quot;:&quot;px&quot;,&quot;size&quot;:1.1,&quot;sizes&quot;:[]},&quot;_transform_scale_effect_hover_tablet&quot;:{&quot;unit&quot;:&quot;px&quot;,&quot;size&quot;:&quot;&quot;,&quot;sizes&quot;:[]},&quot;_transform_scale_effect_hover_mobile&quot;:{&quot;unit&quot;:&quot;px&quot;,&quot;size&quot;:&quot;&quot;,&quot;sizes&quot;:[]}}\" data-widget_type=\"text-editor.default\">\n\t\t\t\t\t\t\t\t\t<p style=\"text-align: center;\"><a href=\"https:\/\/krakowskaelektrokardiologia.pl\/index.php\/patroni\/\"><span style=\"color: #ffffff;\">Patroni<\/span><\/a><\/p>\t\t\t\t\t\t\t\t<\/div>\n\t\t\t\t<div class=\"elementor-element elementor-element-7bf27f5 elementor-widget__width-initial e-transform elementor-invisible elementor-widget elementor-widget-text-editor\" data-id=\"7bf27f5\" data-element_type=\"widget\" data-e-type=\"widget\" data-settings=\"{&quot;_animation&quot;:&quot;fadeIn&quot;,&quot;_transform_scale_effect_hover&quot;:{&quot;unit&quot;:&quot;px&quot;,&quot;size&quot;:1.1,&quot;sizes&quot;:[]},&quot;_transform_scale_effect_hover_tablet&quot;:{&quot;unit&quot;:&quot;px&quot;,&quot;size&quot;:&quot;&quot;,&quot;sizes&quot;:[]},&quot;_transform_scale_effect_hover_mobile&quot;:{&quot;unit&quot;:&quot;px&quot;,&quot;size&quot;:&quot;&quot;,&quot;sizes&quot;:[]}}\" data-widget_type=\"text-editor.default\">\n\t\t\t\t\t\t\t\t\t<p style=\"text-align: center;\"><a href=\"https:\/\/krakowskaelektrokardiologia.pl\/index.php\/sponsorzy\/\"><span style=\"color: #ffffff;\">Sponsorzy<\/span><\/a><\/p>\t\t\t\t\t\t\t\t<\/div>\n\t\t\t\t<div class=\"elementor-element elementor-element-9d58c5e elementor-widget__width-initial e-transform elementor-invisible elementor-widget elementor-widget-text-editor\" data-id=\"9d58c5e\" data-element_type=\"widget\" data-e-type=\"widget\" data-settings=\"{&quot;_animation&quot;:&quot;fadeIn&quot;,&quot;_transform_scale_effect_hover&quot;:{&quot;unit&quot;:&quot;px&quot;,&quot;size&quot;:1.1,&quot;sizes&quot;:[]},&quot;_transform_scale_effect_hover_tablet&quot;:{&quot;unit&quot;:&quot;px&quot;,&quot;size&quot;:&quot;&quot;,&quot;sizes&quot;:[]},&quot;_transform_scale_effect_hover_mobile&quot;:{&quot;unit&quot;:&quot;px&quot;,&quot;size&quot;:&quot;&quot;,&quot;sizes&quot;:[]}}\" data-widget_type=\"text-editor.default\">\n\t\t\t\t\t\t\t\t\t<p style=\"text-align: center;\"><a href=\"https:\/\/krakowskaelektrokardiologia.pl\/index.php\/galeria-2\"><span style=\"color: #ffffff;\">Galeria<\/span><\/a><\/p>\t\t\t\t\t\t\t\t<\/div>\n\t\t\t\t<div class=\"elementor-element elementor-element-f4d5082 elementor-widget__width-initial e-transform elementor-invisible elementor-widget elementor-widget-text-editor\" data-id=\"f4d5082\" data-element_type=\"widget\" data-e-type=\"widget\" data-settings=\"{&quot;_animation&quot;:&quot;fadeIn&quot;,&quot;_transform_scale_effect_hover&quot;:{&quot;unit&quot;:&quot;px&quot;,&quot;size&quot;:1.1,&quot;sizes&quot;:[]},&quot;_transform_scale_effect_hover_tablet&quot;:{&quot;unit&quot;:&quot;px&quot;,&quot;size&quot;:&quot;&quot;,&quot;sizes&quot;:[]},&quot;_transform_scale_effect_hover_mobile&quot;:{&quot;unit&quot;:&quot;px&quot;,&quot;size&quot;:&quot;&quot;,&quot;sizes&quot;:[]}}\" data-widget_type=\"text-editor.default\">\n\t\t\t\t\t\t\t\t\t<p style=\"text-align: center;\"><a href=\"https:\/\/krakowskaelektrokardiologia.pl\/index.php\/o-konferencji\/\"><span style=\"color: #ffffff;\">O Konferencji<\/span><\/a><\/p>\t\t\t\t\t\t\t\t<\/div>\n\t\t\t\t<div class=\"elementor-element elementor-element-ecd3430 elementor-widget__width-initial e-transform elementor-invisible elementor-widget elementor-widget-text-editor\" data-id=\"ecd3430\" data-element_type=\"widget\" data-e-type=\"widget\" data-settings=\"{&quot;_animation&quot;:&quot;fadeIn&quot;,&quot;_transform_scale_effect_hover&quot;:{&quot;unit&quot;:&quot;px&quot;,&quot;size&quot;:1.1,&quot;sizes&quot;:[]},&quot;_transform_scale_effect_hover_tablet&quot;:{&quot;unit&quot;:&quot;px&quot;,&quot;size&quot;:&quot;&quot;,&quot;sizes&quot;:[]},&quot;_transform_scale_effect_hover_mobile&quot;:{&quot;unit&quot;:&quot;px&quot;,&quot;size&quot;:&quot;&quot;,&quot;sizes&quot;:[]}}\" data-widget_type=\"text-editor.default\">\n\t\t\t\t\t\t\t\t\t<p style=\"text-align: center;\"><a href=\"https:\/\/krakowskaelektrokardiologia.pl\/index.php\/rada-naukowa\/\"><span style=\"color: #ffffff;\">Rada Naukowa<\/span><\/a><\/p>\t\t\t\t\t\t\t\t<\/div>\n\t\t\t\t<div class=\"elementor-element elementor-element-84db513 elementor-widget__width-initial e-transform elementor-invisible elementor-widget elementor-widget-text-editor\" data-id=\"84db513\" data-element_type=\"widget\" data-e-type=\"widget\" data-settings=\"{&quot;_animation&quot;:&quot;fadeIn&quot;,&quot;_transform_scale_effect_hover&quot;:{&quot;unit&quot;:&quot;px&quot;,&quot;size&quot;:1.1,&quot;sizes&quot;:[]},&quot;_transform_scale_effect_hover_tablet&quot;:{&quot;unit&quot;:&quot;px&quot;,&quot;size&quot;:&quot;&quot;,&quot;sizes&quot;:[]},&quot;_transform_scale_effect_hover_mobile&quot;:{&quot;unit&quot;:&quot;px&quot;,&quot;size&quot;:&quot;&quot;,&quot;sizes&quot;:[]}}\" data-widget_type=\"text-editor.default\">\n\t\t\t\t\t\t\t\t\t<p style=\"text-align: center;\"><a href=\"https:\/\/krakowskaelektrokardiologia.pl\/index.php\/program\/\"><span style=\"color: #ffffff;\">Program Konferencji<\/span><\/a><\/p>\t\t\t\t\t\t\t\t<\/div>\n\t\t\t\t<div class=\"elementor-element elementor-element-ba1aa5a elementor-widget__width-initial e-transform elementor-invisible elementor-widget elementor-widget-text-editor\" data-id=\"ba1aa5a\" data-element_type=\"widget\" data-e-type=\"widget\" data-settings=\"{&quot;_animation&quot;:&quot;fadeIn&quot;,&quot;_transform_scale_effect_hover&quot;:{&quot;unit&quot;:&quot;px&quot;,&quot;size&quot;:1.1,&quot;sizes&quot;:[]},&quot;_transform_scale_effect_hover_tablet&quot;:{&quot;unit&quot;:&quot;px&quot;,&quot;size&quot;:&quot;&quot;,&quot;sizes&quot;:[]},&quot;_transform_scale_effect_hover_mobile&quot;:{&quot;unit&quot;:&quot;px&quot;,&quot;size&quot;:&quot;&quot;,&quot;sizes&quot;:[]}}\" data-widget_type=\"text-editor.default\">\n\t\t\t\t\t\t\t\t\t<p style=\"text-align: center;\"><a href=\"https:\/\/krakowskaelektrokardiologia.pl\/\"><span style=\"color: #ffffff;\">Strona G\u0142\u00f3wna<\/span><\/a><\/p>\t\t\t\t\t\t\t\t<\/div>\n\t\t\t\t<\/div>\n\t\t<div class=\"elementor-element elementor-element-0c7d023 e-con-full e-flex e-con e-parent\" data-id=\"0c7d023\" data-element_type=\"container\" data-e-type=\"container\">\n\t\t\t\t<div class=\"elementor-element elementor-element-752a4e0 elementor-widget elementor-widget-image\" data-id=\"752a4e0\" data-element_type=\"widget\" data-e-type=\"widget\" data-widget_type=\"image.default\">\n\t\t\t\t\t\t\t\t\t\t\t\t\t\t\t<img fetchpriority=\"high\" decoding=\"async\" width=\"800\" height=\"320\" src=\"https:\/\/krakowskaelektrokardiologia.pl\/wp-content\/uploads\/2026\/01\/banner_KDE-1024x410.jpg\" class=\"attachment-large size-large wp-image-859\" alt=\"\" srcset=\"https:\/\/krakowskaelektrokardiologia.pl\/wp-content\/uploads\/2026\/01\/banner_KDE-1024x410.jpg 1024w, https:\/\/krakowskaelektrokardiologia.pl\/wp-content\/uploads\/2026\/01\/banner_KDE-300x120.jpg 300w, https:\/\/krakowskaelektrokardiologia.pl\/wp-content\/uploads\/2026\/01\/banner_KDE-768x308.jpg 768w, https:\/\/krakowskaelektrokardiologia.pl\/wp-content\/uploads\/2026\/01\/banner_KDE-1536x616.jpg 1536w, https:\/\/krakowskaelektrokardiologia.pl\/wp-content\/uploads\/2026\/01\/banner_KDE-2048x821.jpg 2048w\" sizes=\"(max-width: 800px) 100vw, 800px\" \/>\t\t\t\t\t\t\t\t\t\t\t\t\t\t\t<\/div>\n\t\t\t\t<\/div>\n\t\t<div class=\"elementor-element elementor-element-0ab8ebe e-flex e-con-boxed e-con e-parent\" data-id=\"0ab8ebe\" data-element_type=\"container\" data-e-type=\"container\">\n\t\t\t\t\t<div class=\"e-con-inner\">\n\t\t\t\t<div class=\"elementor-element elementor-element-5a24cdb elementor-widget elementor-widget-text-editor\" data-id=\"5a24cdb\" data-element_type=\"widget\" data-e-type=\"widget\" data-widget_type=\"text-editor.default\">\n\t\t\t\t\t\t\t\t\t<h5 style=\"text-align: left;\"><strong><span style=\"color: #000000;\">&nbsp; KONTAKT<\/span><\/strong><\/h5>\t\t\t\t\t\t\t\t<\/div>\n\t\t\t\t\t<\/div>\n\t\t\t\t<\/div>\n\t\t<div class=\"elementor-element elementor-element-ee6f756 e-flex e-con-boxed e-con e-parent\" data-id=\"ee6f756\" data-element_type=\"container\" data-e-type=\"container\">\n\t\t\t\t\t<div class=\"e-con-inner\">\n\t\t<div class=\"elementor-element elementor-element-48576c5 e-con-full e-flex e-con e-child\" data-id=\"48576c5\" data-element_type=\"container\" data-e-type=\"container\">\n\t\t\t\t<div class=\"elementor-element elementor-element-472505f elementor-widget elementor-widget-text-editor\" data-id=\"472505f\" data-element_type=\"widget\" data-e-type=\"widget\" data-widget_type=\"text-editor.default\">\n\t\t\t\t\t\t\t\t\t<p><strong><span style=\"color: #000000;\">Przewodnicz\u0105cy Komitetu Organizacyjnego Konferencji<\/span><\/strong><\/p><p><span style=\"color: #000000;\">dr hab. Pawe\u0142 Matusik, prof. UJ<br \/>e-mail: pawel.matusik@wp.eu<\/span><\/p>\t\t\t\t\t\t\t\t<\/div>\n\t\t\t\t<\/div>\n\t\t<div class=\"elementor-element elementor-element-6654f70 e-con-full e-flex e-con e-child\" data-id=\"6654f70\" data-element_type=\"container\" data-e-type=\"container\">\n\t\t\t\t<\/div>\n\t\t<div class=\"elementor-element elementor-element-1303a77 e-con-full e-flex e-con e-child\" data-id=\"1303a77\" data-element_type=\"container\" data-e-type=\"container\">\n\t\t\t\t<div class=\"elementor-element elementor-element-6d1f811 elementor-widget elementor-widget-text-editor\" data-id=\"6d1f811\" data-element_type=\"widget\" data-e-type=\"widget\" data-widget_type=\"text-editor.default\">\n\t\t\t\t\t\t\t\t\t<p><strong><span style=\"color: #000000;\">Biuro Organizacji Konferencji<\/span><\/strong><\/p><p><span style=\"color: #000000;\">Firma Iwentarium<\/span><br \/><span style=\"color: #000000;\">ul. Romanowicz 17A, 30-702 Krak\u00f3w<\/span><br \/><span style=\"color: #000000;\">www.iwentarium.pl<\/span><\/p><p><span style=\"color: #000000;\">e-mail: biuro@krakowskaelektrokardiologia.pl<\/span><\/p><p><span style=\"color: #000000;\">Joanna Iwaniec<\/span><br \/><span style=\"color: #000000;\">tel: +48 883 569 500<\/span><\/p><p><span style=\"color: #000000;\">Ma\u0142gorzata Feliksiak-Nowak<\/span><br \/><span style=\"color: #000000;\">tel: +48 668 446 685<\/span><\/p>\t\t\t\t\t\t\t\t<\/div>\n\t\t\t\t<\/div>\n\t\t<div class=\"elementor-element elementor-element-d2e1a82 e-con-full e-flex e-con e-child\" data-id=\"d2e1a82\" data-element_type=\"container\" data-e-type=\"container\">\n\t\t\t\t<\/div>\n\t\t\t\t\t<\/div>\n\t\t\t\t<\/div>\n\t\t<div class=\"elementor-element elementor-element-c160f02 e-flex e-con-boxed e-con e-parent\" data-id=\"c160f02\" data-element_type=\"container\" data-e-type=\"container\">\n\t\t\t\t\t<div class=\"e-con-inner\">\n\t\t\t\t<div class=\"elementor-element elementor-element-4160cc4 elementor-widget elementor-widget-spacer\" data-id=\"4160cc4\" data-element_type=\"widget\" data-e-type=\"widget\" data-widget_type=\"spacer.default\">\n\t\t\t\t\t\t\t<div class=\"elementor-spacer\">\n\t\t\t<div class=\"elementor-spacer-inner\"><\/div>\n\t\t<\/div>\n\t\t\t\t\t\t<\/div>\n\t\t<div class=\"elementor-element elementor-element-dee4405 e-grid e-con-full e-con e-child\" data-id=\"dee4405\" data-element_type=\"container\" data-e-type=\"container\">\n\t\t\t\t<div class=\"elementor-element elementor-element-2f300ab elementor-widget elementor-widget-image\" data-id=\"2f300ab\" data-element_type=\"widget\" data-e-type=\"widget\" data-widget_type=\"image.default\">\n\t\t\t\t\t\t\t\t\t\t\t\t\t\t\t\t<a href=\"https:\/\/krakowskaelektrokardiologia.pl\/index.php\/program\">\n\t\t\t\t\t\t\t<img decoding=\"async\" width=\"800\" height=\"1000\" src=\"https:\/\/krakowskaelektrokardiologia.pl\/wp-content\/uploads\/2026\/02\/PROGRAM-po-zmianie-819x1024.png\" class=\"elementor-animation-grow attachment-large size-large wp-image-1448\" alt=\"\" srcset=\"https:\/\/krakowskaelektrokardiologia.pl\/wp-content\/uploads\/2026\/02\/PROGRAM-po-zmianie-819x1024.png 819w, https:\/\/krakowskaelektrokardiologia.pl\/wp-content\/uploads\/2026\/02\/PROGRAM-po-zmianie-240x300.png 240w, https:\/\/krakowskaelektrokardiologia.pl\/wp-content\/uploads\/2026\/02\/PROGRAM-po-zmianie-768x960.png 768w, https:\/\/krakowskaelektrokardiologia.pl\/wp-content\/uploads\/2026\/02\/PROGRAM-po-zmianie.png 1080w\" sizes=\"(max-width: 800px) 100vw, 800px\" \/>\t\t\t\t\t\t\t\t<\/a>\n\t\t\t\t\t\t\t\t\t\t\t\t\t\t\t<\/div>\n\t\t\t\t<div class=\"elementor-element elementor-element-66ea724 elementor-widget elementor-widget-image\" data-id=\"66ea724\" data-element_type=\"widget\" data-e-type=\"widget\" data-widget_type=\"image.default\">\n\t\t\t\t\t\t\t\t\t\t\t\t\t\t\t\t<a href=\"https:\/\/krakowskaelektrokardiologia.pl\/index.php\/galeria-2\">\n\t\t\t\t\t\t\t<img decoding=\"async\" width=\"800\" height=\"1000\" src=\"https:\/\/krakowskaelektrokardiologia.pl\/wp-content\/uploads\/2026\/02\/GALERIA-819x1024.png\" class=\"elementor-animation-grow attachment-large size-large wp-image-1446\" alt=\"\" srcset=\"https:\/\/krakowskaelektrokardiologia.pl\/wp-content\/uploads\/2026\/02\/GALERIA-819x1024.png 819w, https:\/\/krakowskaelektrokardiologia.pl\/wp-content\/uploads\/2026\/02\/GALERIA-240x300.png 240w, https:\/\/krakowskaelektrokardiologia.pl\/wp-content\/uploads\/2026\/02\/GALERIA-768x960.png 768w, https:\/\/krakowskaelektrokardiologia.pl\/wp-content\/uploads\/2026\/02\/GALERIA.png 1080w\" sizes=\"(max-width: 800px) 100vw, 800px\" \/>\t\t\t\t\t\t\t\t<\/a>\n\t\t\t\t\t\t\t\t\t\t\t\t\t\t\t<\/div>\n\t\t\t\t<div class=\"elementor-element elementor-element-3d53bff elementor-widget elementor-widget-image\" data-id=\"3d53bff\" data-element_type=\"widget\" data-e-type=\"widget\" data-widget_type=\"image.default\">\n\t\t\t\t\t\t\t\t\t\t\t\t\t\t\t\t<a href=\"https:\/\/krakowskaelektrokardiologia.pl\/index.php\/pe\/\">\n\t\t\t\t\t\t\t<img loading=\"lazy\" decoding=\"async\" width=\"800\" height=\"1000\" src=\"https:\/\/krakowskaelektrokardiologia.pl\/wp-content\/uploads\/2026\/02\/PLATFORMA-EDUKACYJNA-819x1024.png\" class=\"elementor-animation-grow attachment-large size-large wp-image-1447\" alt=\"\" srcset=\"https:\/\/krakowskaelektrokardiologia.pl\/wp-content\/uploads\/2026\/02\/PLATFORMA-EDUKACYJNA-819x1024.png 819w, https:\/\/krakowskaelektrokardiologia.pl\/wp-content\/uploads\/2026\/02\/PLATFORMA-EDUKACYJNA-240x300.png 240w, https:\/\/krakowskaelektrokardiologia.pl\/wp-content\/uploads\/2026\/02\/PLATFORMA-EDUKACYJNA-768x960.png 768w, https:\/\/krakowskaelektrokardiologia.pl\/wp-content\/uploads\/2026\/02\/PLATFORMA-EDUKACYJNA.png 1080w\" sizes=\"(max-width: 800px) 100vw, 800px\" \/>\t\t\t\t\t\t\t\t<\/a>\n\t\t\t\t\t\t\t\t\t\t\t\t\t\t\t<\/div>\n\t\t\t\t<\/div>\n\t\t\t\t\t<\/div>\n\t\t\t\t<\/div>\n\t\t<div class=\"elementor-element elementor-element-c5812fe e-flex e-con-boxed e-con e-parent\" data-id=\"c5812fe\" data-element_type=\"container\" data-e-type=\"container\">\n\t\t\t\t\t<div class=\"e-con-inner\">\n\t\t\t\t<div class=\"elementor-element elementor-element-e9114c3 elementor-widget elementor-widget-spacer\" data-id=\"e9114c3\" data-element_type=\"widget\" data-e-type=\"widget\" data-widget_type=\"spacer.default\">\n\t\t\t\t\t\t\t<div class=\"elementor-spacer\">\n\t\t\t<div class=\"elementor-spacer-inner\"><\/div>\n\t\t<\/div>\n\t\t\t\t\t\t<\/div>\n\t\t\t\t\t<\/div>\n\t\t\t\t<\/div>\n\t\t<div class=\"elementor-element elementor-element-e7fa9d8 e-flex e-con-boxed e-con e-parent\" data-id=\"e7fa9d8\" data-element_type=\"container\" data-e-type=\"container\" data-settings=\"{&quot;background_background&quot;:&quot;classic&quot;}\">\n\t\t\t\t\t<div class=\"e-con-inner\">\n\t\t<div class=\"elementor-element elementor-element-5f70f0b e-con-full e-flex e-con e-child\" data-id=\"5f70f0b\" data-element_type=\"container\" data-e-type=\"container\">\n\t\t\t\t<div class=\"elementor-element elementor-element-275c833 elementor-widget elementor-widget-text-editor\" data-id=\"275c833\" data-element_type=\"widget\" data-e-type=\"widget\" data-widget_type=\"text-editor.default\">\n\t\t\t\t\t\t\t\t\t<h6><span style=\"color: #ffffff;\"><strong>Biuro Organizacji Konferencji<\/strong><\/span><\/h6><h6><span style=\"color: #ffffff;\">Firma Iwentarium<\/span><br \/><span style=\"color: #ffffff;\">ul. Romanowicz 17A, 30-702 Krak\u00f3w<\/span><br \/><span style=\"color: #ffffff;\">www.iwentarium.pl<\/span><\/h6><h6>\u00a0<\/h6>\t\t\t\t\t\t\t\t<\/div>\n\t\t\t\t<\/div>\n\t\t<div class=\"elementor-element elementor-element-701382d e-con-full e-flex e-con e-child\" data-id=\"701382d\" data-element_type=\"container\" data-e-type=\"container\">\n\t\t\t\t<div class=\"elementor-element elementor-element-ce353b0 elementor-widget elementor-widget-text-editor\" data-id=\"ce353b0\" data-element_type=\"widget\" data-e-type=\"widget\" data-widget_type=\"text-editor.default\">\n\t\t\t\t\t\t\t\t\t<h6><span style=\"color: #ffffff;\">e-mail:<u><a style=\"color: #ffffff;\" href=\"mailto:kontakt@example.com\"> biuro@krakowskaelektrokardiologia.pl<\/a><\/u><\/span><\/h6>\n<h6><span style=\"color: #ffffff;\">Joanna Iwaniec \u2013 <\/span><span style=\"color: #ffffff;\">tel. +48 883 569 500<\/span><\/h6>\n<h6><span style=\"color: #ffffff;\">Ma\u0142gorzata Feliksiak-Nowak \u2013 <\/span><span style=\"color: #ffffff;\">tel. +48 668 446 685<\/span><\/h6>\t\t\t\t\t\t\t\t<\/div>\n\t\t\t\t<\/div>\n\t\t<div class=\"elementor-element elementor-element-f564ae9 e-con-full e-flex e-con e-child\" data-id=\"f564ae9\" data-element_type=\"container\" data-e-type=\"container\">\n\t\t\t\t<\/div>\n\t\t\t\t\t<\/div>\n\t\t\t\t<\/div>\n\t\t\t\t<\/div>\n\t\t","protected":false},"excerpt":{"rendered":"<p>Kontakt Platforma Edukacyjna Patroni Sponsorzy Galeria O Konferencji Rada Naukowa Program Konferencji Strona G\u0142\u00f3wna &nbsp; KONTAKT Przewodnicz\u0105cy Komitetu Organizacyjnego Konferencji dr hab. Pawe\u0142 Matusik, prof. UJe-mail: pawel.matusik@wp.eu Biuro Organizacji Konferencji Firma Iwentariumul. Romanowicz 17A, 30-702 Krak\u00f3wwww.iwentarium.pl e-mail: biuro@krakowskaelektrokardiologia.pl Joanna Iwaniectel: +48 883 569 500 Ma\u0142gorzata Feliksiak-Nowaktel: +48 668 446 685 Biuro Organizacji Konferencji Firma Iwentariumul. [&hellip;]<\/p>\n","protected":false},"author":1,"featured_media":0,"parent":0,"menu_order":0,"comment_status":"closed","ping_status":"closed","template":"elementor_header_footer","meta":{"footnotes":""},"class_list":["post-175","page","type-page","status-publish","hentry"],"_links":{"self":[{"href":"https:\/\/krakowskaelektrokardiologia.pl\/index.php\/wp-json\/wp\/v2\/pages\/175","targetHints":{"allow":["GET"]}}],"collection":[{"href":"https:\/\/krakowskaelektrokardiologia.pl\/index.php\/wp-json\/wp\/v2\/pages"}],"about":[{"href":"https:\/\/krakowskaelektrokardiologia.pl\/index.php\/wp-json\/wp\/v2\/types\/page"}],"author":[{"embeddable":true,"href":"https:\/\/krakowskaelektrokardiologia.pl\/index.php\/wp-json\/wp\/v2\/users\/1"}],"replies":[{"embeddable":true,"href":"https:\/\/krakowskaelektrokardiologia.pl\/index.php\/wp-json\/wp\/v2\/comments?post=175"}],"version-history":[{"count":106,"href":"https:\/\/krakowskaelektrokardiologia.pl\/index.php\/wp-json\/wp\/v2\/pages\/175\/revisions"}],"predecessor-version":[{"id":1631,"href":"https:\/\/krakowskaelektrokardiologia.pl\/index.php\/wp-json\/wp\/v2\/pages\/175\/revisions\/1631"}],"wp:attachment":[{"href":"https:\/\/krakowskaelektrokardiologia.pl\/index.php\/wp-json\/wp\/v2\/media?parent=175"}],"curies":[{"name":"wp","href":"https:\/\/api.w.org\/{rel}","templated":true}]}}